{"id":15,"date":"2024-09-08T22:41:12","date_gmt":"2024-09-08T22:41:12","guid":{"rendered":"https:\/\/redsag.dev\/?page_id=15"},"modified":"2025-11-11T00:02:48","modified_gmt":"2025-11-11T00:02:48","slug":"quienes-somos","status":"publish","type":"page","link":"https:\/\/redsag.dev\/?page_id=15","title":{"rendered":"QUIENES SOMOS"},"content":{"rendered":"\n<p><strong>\u00bfQu\u00e9 es la Red Nacional por la Defensa de la Soberan\u00eda Alimentaria en Guatemala \u00a8REDSAG\u00a8?<\/strong><br>La \u00a8REDSAG\u00a8 surgi\u00f3 en octubre de 2004, despu\u00e9s de un proceso de interacci\u00f3n entre diversas organizaciones sociales que coinciden con sus planteamientos para la defensa y re construcci\u00f3n de la soberan\u00eda alimentaria y consideran necesaria la existencia de una Red de organizaciones, que defienda los derechos de la poblaci\u00f3n vulnerable.<br>Misi\u00f3n:<br>Desarrollamos propuestas y acciones pol\u00edticas, estrat\u00e9gicas y operativas, con pertinencia cultural y equidad de g\u00e9nero para la defensa y construcci\u00f3n de la Biodiversidad y la Soberan\u00eda Alimentaria de los pueblos originarios.<br>\u00a0<br>Visi\u00f3n:<br>Es un espacio que articula organizaciones, grupos y movimientos sociales y populares, que inciden por la defensa y construcci\u00f3n de la Soberan\u00eda Alimentaria a nivel nacional e internacional. <\/p>\n\n\n\n<p><\/p>\n","protected":false},"excerpt":{"rendered":"<p>\u00bfQu\u00e9 es la Red Nacional por la Defensa de la Soberan\u00eda Alimentaria en Guatemala \u00a8REDSAG\u00a8?La \u00a8REDSAG\u00a8 surgi\u00f3 en octubre de 2004, despu\u00e9s de un proceso de interacci\u00f3n entre diversas organizaciones sociales que coinciden con sus planteamientos para la defensa y re construcci\u00f3n de la soberan\u00eda alimentaria y consideran necesaria la existencia de una Red de&#8230;<\/p>\n","protected":false},"author":1,"featured_media":0,"parent":0,"menu_order":-2,"comment_status":"closed","ping_status":"closed","template":"","meta":{"footnotes":""},"class_list":["post-15","page","type-page","status-publish","hentry"],"_links":{"self":[{"href":"https:\/\/redsag.dev\/index.php?rest_route=\/wp\/v2\/pages\/15","targetHints":{"allow":["GET"]}}],"collection":[{"href":"https:\/\/redsag.dev\/index.php?rest_route=\/wp\/v2\/pages"}],"about":[{"href":"https:\/\/redsag.dev\/index.php?rest_route=\/wp\/v2\/types\/page"}],"author":[{"embeddable":true,"href":"https:\/\/redsag.dev\/index.php?rest_route=\/wp\/v2\/users\/1"}],"replies":[{"embeddable":true,"href":"https:\/\/redsag.dev\/index.php?rest_route=%2Fwp%2Fv2%2Fcomments&post=15"}],"version-history":[{"count":3,"href":"https:\/\/redsag.dev\/index.php?rest_route=\/wp\/v2\/pages\/15\/revisions"}],"predecessor-version":[{"id":180,"href":"https:\/\/redsag.dev\/index.php?rest_route=\/wp\/v2\/pages\/15\/revisions\/180"}],"wp:attachment":[{"href":"https:\/\/redsag.dev\/index.php?rest_route=%2Fwp%2Fv2%2Fmedia&parent=15"}],"curies":[{"name":"wp","href":"https:\/\/api.w.org\/{rel}","templated":true}]}}